{"id":16619,"date":"2016-07-06T12:42:00","date_gmt":"2016-07-06T10:42:00","guid":{"rendered":"https:\/\/www.dworafrodyta.pl\/?page_id=16619"},"modified":"2024-09-16T12:24:50","modified_gmt":"2024-09-16T10:24:50","slug":"%d0%b3%d0%b0%d0%bb%d0%b5%d1%80%d0%b5%d1%8f","status":"publish","type":"page","link":"https:\/\/www.dworafrodyta.pl\/uk\/%d0%b3%d0%b0%d0%bb%d0%b5%d1%80%d0%b5%d1%8f\/","title":{"rendered":"\u0413\u0430\u043b\u0435\u0440\u0435\u044f"},"content":{"rendered":"<p>[vc_row content_width=&#8221;grid&#8221; content_aligment=&#8221;center&#8221; css=&#8221;.vc_custom_1524780013550{padding-top: 64px !important;padding-bottom: 64px !important;background-color: #fafafa !important;}&#8221;][vc_column]<div class=\"mkd-section-title-holder\">\n\t<h2 class=\"mkd-section-title\" style=\"text-transform: uppercase;text-align: center\">\n\t\t\u0413\u0430\u043b\u0435\u0440\u0435\u044f Dw\u00f3r Afrodyta****    <\/h2>\n<\/div><div class=\"mkd-separator-with-icon-holder clearfix mkd-default-icon\" >\n\n\t<span class=\"mkd-separator-left\" ><\/span>\n\t\t\t<div class=\"mkd-default-icon-holder\" ><\/div>\n\t\t<span class=\"mkd-separator-right\" ><\/span>\n<\/div><div class=\"mkd-section-subtitle-holder mkd-section-subtitle-center\" >\n\t<p style=\"text-align: center\" class=\"mkd-section-subtitle\">\u0417\u0430\u043f\u0440\u043e\u0448\u0443\u0454\u043c\u043e \u0434\u043e \u043f\u0435\u0440\u0435\u0433\u043b\u044f\u0434\u0443 \u0444\u043e\u0442\u043e\u0433\u0440\u0430\u0444\u0456\u0439 \u0442\u0430 \u0432\u0456\u0434\u0435\u043e<\/p>\n<\/div>[vc_empty_space height=&#8221;40px&#8221;]<div class=\"mkd-portfolio-filter-holder mkd-masonry-filter\" >\r\n\t<div class=\"mkd-portfolio-filter-holder-inner mkd-filter-center\">\r\n\t\t\t\t\t<ul >\r\n\t\t\t\t\t\t\t\t\t<li class=\"filter\" data-filter=\"*\"><span>\u0412\u0441\u0456<\/span><\/li>\r\n\t\t\t\t\t\t\t\t\t\t\t\t\t\t<li data-class=\"filter\" class=\"filter\" data-filter=\".portfolio_category_86\">\r\n\t\t\t\t\t\t<span>\r\n\t\t\t\t\t\t\tDw\u00f3r Afrodyta\t\t\t\t\t\t<\/span>\r\n\t\t\t\t\t\t<\/li>\r\n\t\t\t\t\t\t\t\t\t\t\t<li data-class=\"filter\" class=\"filter\" data-filter=\".portfolio_category_84\">\r\n\t\t\t\t\t\t<span>\r\n\t\t\t\t\t\t\t\u0412\u0435\u0441\u0456\u043b\u043b\u044f\t\t\t\t\t\t<\/span>\r\n\t\t\t\t\t\t<\/li>\r\n\t\t\t\t\t\t\t\t\t\t\t<li data-class=\"filter\" class=\"filter\" data-filter=\".portfolio_category_82\">\r\n\t\t\t\t\t\t<span>\r\n\t\t\t\t\t\t\t\u0412\u0438\u043f\u0443\u0441\u043a\u043d\u0456 \u0431\u0430\u043b\u0438\t\t\t\t\t\t<\/span>\r\n\t\t\t\t\t\t<\/li>\r\n\t\t\t\t\t\t\t\t\t\t\t<li data-class=\"filter\" class=\"filter\" data-filter=\".portfolio_category_88\">\r\n\t\t\t\t\t\t<span>\r\n\t\t\t\t\t\t\t\u0412\u0456\u0434\u0435\u043e\t\t\t\t\t\t<\/span>\r\n\t\t\t\t\t\t<\/li>\r\n\t\t\t\t\t\t\t\t<\/ul>\r\n\t\t\t<\/div>\r\n<\/div><div class = \"mkd-portfolio-list-holder-outer mkd-ptf-pinterest mkd-portfolio-gallery-hover mkd-ptf-load-more mkd-info-center mkd-hover-light mkd-ptf-pinterest-three-columns mkd-ptf-has-filter mkd-ptf-masonry-filter\" data-next-page= \"2\" data-type= \"pinterest\" data-columns= \"three\" data-grid-size= \"three\" data-order-by= \"date\" data-order= \"DESC\" data-number= \"12\" data-image-size= \"full\" data-filter= \"yes\" data-filter-order-by= \"name\" data-show-load-more= \"yes\" data-title-tag= \"h4\" data-show-excerpt= \"yes\"  data-max-num-pages = 1><div class = \"mkd-portfolio-list-holder  clearfix\" ><div class=\"mkd-portfolio-list-masonry-grid-sizer\"><\/div><div class=\"mkd-portfolio-list-masonry-grid-gutter\"><\/div>\t<article class=\"mkd-portfolio-item portfolio_category_86 portfolio_category_84\">\r\n\t\t<div class=\"mkd-ptf-wrapper\">\r\n\t\t\t<div class=\"mkd-ptf-item-image-holder\">\r\n\t\t\t\t<img loading=\"lazy\" decoding=\"async\" width=\"800\" height=\"600\" src=\"https:\/\/www.dworafrodyta.pl\/wp-content\/uploads\/2023\/04\/czule.spojrzenie_1679048360957921-800x600.jpg\" class=\"attachment-fleur_mikado_landscape size-fleur_mikado_landscape wp-post-image\" alt=\"\" \/>\t\t\t<\/div>\r\n\t\t\t<div class=\"mkd-ptf-item-text-overlay\">\r\n\t\t\t\t<div class=\"mkd-ptf-item-text-overlay-inner\">\r\n\t\t\t\t\t<div class=\"mkd-ptf-item-text-holder\">\r\n\t\t\t\t\t\t<a class=\"mkd-portfolio-link\" href=\"https:\/\/www.dworafrodyta.pl\/uk\/galeria\/%d0%bf%d1%80%d0%b8%d1%81%d1%82%d0%b0%d0%bd%d1%8c-%d0%ba%d0%bb%d0%b0%d1%81%d0%b8%d0%ba%d1%96%d0%b2\/\"\r\n\t\t\t\t\t\t   target=\"_self\"><\/a>\r\n\t\t\t\t\t\t<div class=\"mkd-ptf-item-text-holder-inner\">\r\n\t\t\t\t\t\t\t<h4 class=\"mkd-ptf-item-title\">\r\n\t\t\t\t\t\t\t<a href=\"https:\/\/www.dworafrodyta.pl\/uk\/galeria\/%d0%bf%d1%80%d0%b8%d1%81%d1%82%d0%b0%d0%bd%d1%8c-%d0%ba%d0%bb%d0%b0%d1%81%d0%b8%d0%ba%d1%96%d0%b2\/\" target=\"_self\">\r\n\t\t\t\t\t\t\t\t\u041f\u0440\u0438\u0441\u0442\u0430\u043d\u044c \u041a\u043b\u0430\u0441\u0438\u043a\u0456\u0432\t\t\t\t\t\t\t<\/a>\r\n\t\t\t\t\t\t<\/h4>\r\n\r\n\t\t\t\t\t\t\t\t\t\t\t\t\t<div class=\"mkd-ptf-category-holder\"><span>Dw\u00f3r Afrodyta<\/span> \/ <span>\u0412\u0435\u0441\u0456\u043b\u043b\u044f<\/span><\/div>\t\t\t\t\t\t\t\t\t\t\t<\/div>\r\n\t\t\t\t<\/div>\r\n\t\t\t<\/div>\r\n\t\t\t<div class=\"mkd-ptf-item-overlay-bg\"><\/div>\r\n\t\t<\/div>\r\n\t\t<\/div>\r\n\t<\/article>\r\n\t<article class=\"mkd-portfolio-item portfolio_category_86 portfolio_category_84\">\r\n\t\t<div class=\"mkd-ptf-wrapper\">\r\n\t\t\t<div class=\"mkd-ptf-item-image-holder\">\r\n\t\t\t\t<img loading=\"lazy\" decoding=\"async\" width=\"800\" height=\"600\" src=\"https:\/\/www.dworafrodyta.pl\/wp-content\/uploads\/2021\/03\/Anna-M\u0105kosa-Fotografia-Dw\u00f3r-Afrodyta-253-800x600.jpg\" class=\"attachment-fleur_mikado_landscape size-fleur_mikado_landscape wp-post-image\" alt=\"\" \/>\t\t\t<\/div>\r\n\t\t\t<div class=\"mkd-ptf-item-text-overlay\">\r\n\t\t\t\t<div class=\"mkd-ptf-item-text-overlay-inner\">\r\n\t\t\t\t\t<div class=\"mkd-ptf-item-text-holder\">\r\n\t\t\t\t\t\t<a class=\"mkd-portfolio-link\" href=\"https:\/\/www.dworafrodyta.pl\/uk\/galeria\/dwor-afrodyta-%d1%96%d0%bd%d1%82%d0%b5%d1%80%d1%94%d1%80%d0%b8-%d1%82%d0%b0-%d1%81%d0%b0%d0%b4\/\"\r\n\t\t\t\t\t\t   target=\"_self\"><\/a>\r\n\t\t\t\t\t\t<div class=\"mkd-ptf-item-text-holder-inner\">\r\n\t\t\t\t\t\t\t<h4 class=\"mkd-ptf-item-title\">\r\n\t\t\t\t\t\t\t<a href=\"https:\/\/www.dworafrodyta.pl\/uk\/galeria\/dwor-afrodyta-%d1%96%d0%bd%d1%82%d0%b5%d1%80%d1%94%d1%80%d0%b8-%d1%82%d0%b0-%d1%81%d0%b0%d0%b4\/\" target=\"_self\">\r\n\t\t\t\t\t\t\t\tDw\u00f3r Afrodyta &#8211; \u0406\u043d\u0442\u0435\u0440&#8217;\u0454\u0440\u0438 \u0442\u0430 \u0421\u0430\u0434\t\t\t\t\t\t\t<\/a>\r\n\t\t\t\t\t\t<\/h4>\r\n\r\n\t\t\t\t\t\t\t\t\t\t\t\t\t<div class=\"mkd-ptf-category-holder\"><span>Dw\u00f3r Afrodyta<\/span> \/ <span>\u0412\u0435\u0441\u0456\u043b\u043b\u044f<\/span><\/div>\t\t\t\t\t\t\t\t\t\t\t<\/div>\r\n\t\t\t\t<\/div>\r\n\t\t\t<\/div>\r\n\t\t\t<div class=\"mkd-ptf-item-overlay-bg\"><\/div>\r\n\t\t<\/div>\r\n\t\t<\/div>\r\n\t<\/article>\r\n\t<article class=\"mkd-portfolio-item portfolio_category_86 portfolio_category_84\">\r\n\t\t<div class=\"mkd-ptf-wrapper\">\r\n\t\t\t<div class=\"mkd-ptf-item-image-holder\">\r\n\t\t\t\t<img loading=\"lazy\" decoding=\"async\" width=\"800\" height=\"600\" src=\"https:\/\/www.dworafrodyta.pl\/wp-content\/uploads\/2019\/01\/4-800x600.jpg\" class=\"attachment-fleur_mikado_landscape size-fleur_mikado_landscape wp-post-image\" alt=\"\" \/>\t\t\t<\/div>\r\n\t\t\t<div class=\"mkd-ptf-item-text-overlay\">\r\n\t\t\t\t<div class=\"mkd-ptf-item-text-overlay-inner\">\r\n\t\t\t\t\t<div class=\"mkd-ptf-item-text-holder\">\r\n\t\t\t\t\t\t<a class=\"mkd-portfolio-link\" href=\"https:\/\/www.dworafrodyta.pl\/uk\/galeria\/%d0%bd%d0%be%d0%bc%d0%b5%d1%80%d0%b8-dwor-afrodyta\/\"\r\n\t\t\t\t\t\t   target=\"_self\"><\/a>\r\n\t\t\t\t\t\t<div class=\"mkd-ptf-item-text-holder-inner\">\r\n\t\t\t\t\t\t\t<h4 class=\"mkd-ptf-item-title\">\r\n\t\t\t\t\t\t\t<a href=\"https:\/\/www.dworafrodyta.pl\/uk\/galeria\/%d0%bd%d0%be%d0%bc%d0%b5%d1%80%d0%b8-dwor-afrodyta\/\" target=\"_self\">\r\n\t\t\t\t\t\t\t\t\u041d\u043e\u043c\u0435\u0440\u0438 &#8211; Dw\u00f3r Afrodyta\t\t\t\t\t\t\t<\/a>\r\n\t\t\t\t\t\t<\/h4>\r\n\r\n\t\t\t\t\t\t\t\t\t\t\t\t\t<div class=\"mkd-ptf-category-holder\"><span>Dw\u00f3r Afrodyta<\/span> \/ <span>\u0412\u0435\u0441\u0456\u043b\u043b\u044f<\/span><\/div>\t\t\t\t\t\t\t\t\t\t\t<\/div>\r\n\t\t\t\t<\/div>\r\n\t\t\t<\/div>\r\n\t\t\t<div class=\"mkd-ptf-item-overlay-bg\"><\/div>\r\n\t\t<\/div>\r\n\t\t<\/div>\r\n\t<\/article>\r\n\t<article class=\"mkd-portfolio-item portfolio_category_86 portfolio_category_84\">\r\n\t\t<div class=\"mkd-ptf-wrapper\">\r\n\t\t\t<div class=\"mkd-ptf-item-image-holder\">\r\n\t\t\t\t<img loading=\"lazy\" decoding=\"async\" width=\"800\" height=\"600\" src=\"https:\/\/www.dworafrodyta.pl\/wp-content\/uploads\/2019\/01\/0052_2018_12_28_afrodyta-800x600.jpg\" class=\"attachment-fleur_mikado_landscape size-fleur_mikado_landscape wp-post-image\" alt=\"\" \/>\t\t\t<\/div>\r\n\t\t\t<div class=\"mkd-ptf-item-text-overlay\">\r\n\t\t\t\t<div class=\"mkd-ptf-item-text-overlay-inner\">\r\n\t\t\t\t\t<div class=\"mkd-ptf-item-text-holder\">\r\n\t\t\t\t\t\t<a class=\"mkd-portfolio-link\" href=\"https:\/\/www.dworafrodyta.pl\/uk\/galeria\/%d0%b7%d0%b8%d0%bc%d0%be%d0%b2%d0%b5-%d0%b2%d0%b5%d1%81%d1%96%d0%bb%d0%bb%d1%8f\/\"\r\n\t\t\t\t\t\t   target=\"_self\"><\/a>\r\n\t\t\t\t\t\t<div class=\"mkd-ptf-item-text-holder-inner\">\r\n\t\t\t\t\t\t\t<h4 class=\"mkd-ptf-item-title\">\r\n\t\t\t\t\t\t\t<a href=\"https:\/\/www.dworafrodyta.pl\/uk\/galeria\/%d0%b7%d0%b8%d0%bc%d0%be%d0%b2%d0%b5-%d0%b2%d0%b5%d1%81%d1%96%d0%bb%d0%bb%d1%8f\/\" target=\"_self\">\r\n\t\t\t\t\t\t\t\t\u0417\u0438\u043c\u043e\u0432\u0435 \u0432\u0435\u0441\u0456\u043b\u043b\u044f\t\t\t\t\t\t\t<\/a>\r\n\t\t\t\t\t\t<\/h4>\r\n\r\n\t\t\t\t\t\t\t\t\t\t\t\t\t<div class=\"mkd-ptf-category-holder\"><span>Dw\u00f3r Afrodyta<\/span> \/ <span>\u0412\u0435\u0441\u0456\u043b\u043b\u044f<\/span><\/div>\t\t\t\t\t\t\t\t\t\t\t<\/div>\r\n\t\t\t\t<\/div>\r\n\t\t\t<\/div>\r\n\t\t\t<div class=\"mkd-ptf-item-overlay-bg\"><\/div>\r\n\t\t<\/div>\r\n\t\t<\/div>\r\n\t<\/article>\r\n\t<article class=\"mkd-portfolio-item portfolio_category_86 portfolio_category_84 portfolio_category_88\">\r\n\t\t<div class=\"mkd-ptf-wrapper\">\r\n\t\t\t<div class=\"mkd-ptf-item-image-holder\">\r\n\t\t\t\t<img loading=\"lazy\" decoding=\"async\" width=\"800\" height=\"600\" src=\"https:\/\/www.dworafrodyta.pl\/wp-content\/uploads\/2021\/03\/Ut_0054-800x600.jpg\" class=\"attachment-fleur_mikado_landscape size-fleur_mikado_landscape wp-post-image\" alt=\"\" \/>\t\t\t<\/div>\r\n\t\t\t<div class=\"mkd-ptf-item-text-overlay\">\r\n\t\t\t\t<div class=\"mkd-ptf-item-text-overlay-inner\">\r\n\t\t\t\t\t<div class=\"mkd-ptf-item-text-holder\">\r\n\t\t\t\t\t\t<a class=\"mkd-portfolio-link\" href=\"https:\/\/www.dworafrodyta.pl\/uk\/galeria\/dwor-afrodyta-%d0%b2%d1%96%d0%b4%d0%b5%d0%be\/\"\r\n\t\t\t\t\t\t   target=\"_self\"><\/a>\r\n\t\t\t\t\t\t<div class=\"mkd-ptf-item-text-holder-inner\">\r\n\t\t\t\t\t\t\t<h4 class=\"mkd-ptf-item-title\">\r\n\t\t\t\t\t\t\t<a href=\"https:\/\/www.dworafrodyta.pl\/uk\/galeria\/dwor-afrodyta-%d0%b2%d1%96%d0%b4%d0%b5%d0%be\/\" target=\"_self\">\r\n\t\t\t\t\t\t\t\tDw\u00f3r Afrodyta &#8211; \u0412\u0456\u0434\u0435\u043e\t\t\t\t\t\t\t<\/a>\r\n\t\t\t\t\t\t<\/h4>\r\n\r\n\t\t\t\t\t\t\t\t\t\t\t\t\t<div class=\"mkd-ptf-category-holder\"><span>Dw\u00f3r Afrodyta<\/span> \/ <span>\u0412\u0435\u0441\u0456\u043b\u043b\u044f<\/span> \/ <span>\u0412\u0456\u0434\u0435\u043e<\/span><\/div>\t\t\t\t\t\t\t\t\t\t\t<\/div>\r\n\t\t\t\t<\/div>\r\n\t\t\t<\/div>\r\n\t\t\t<div class=\"mkd-ptf-item-overlay-bg\"><\/div>\r\n\t\t<\/div>\r\n\t\t<\/div>\r\n\t<\/article>\r\n\t<article class=\"mkd-portfolio-item portfolio_category_82\">\r\n\t\t<div class=\"mkd-ptf-wrapper\">\r\n\t\t\t<div class=\"mkd-ptf-item-image-holder\">\r\n\t\t\t\t<img loading=\"lazy\" decoding=\"async\" width=\"800\" height=\"600\" src=\"https:\/\/www.dworafrodyta.pl\/wp-content\/uploads\/2018\/04\/06-800x600.jpg\" class=\"attachment-fleur_mikado_landscape size-fleur_mikado_landscape wp-post-image\" alt=\"\" \/>\t\t\t<\/div>\r\n\t\t\t<div class=\"mkd-ptf-item-text-overlay\">\r\n\t\t\t\t<div class=\"mkd-ptf-item-text-overlay-inner\">\r\n\t\t\t\t\t<div class=\"mkd-ptf-item-text-holder\">\r\n\t\t\t\t\t\t<a class=\"mkd-portfolio-link\" href=\"https:\/\/www.dworafrodyta.pl\/uk\/galeria\/%d0%b2%d0%b8%d0%bf%d1%83%d1%81%d0%ba%d0%bd%d0%b8%d0%b9-%d0%b1%d0%b0%d0%bb-%d0%b2%d0%b8%d0%bf%d1%83%d1%81%d0%ba%d0%bd%d0%b8%d0%ba%d1%96%d0%b2-%d1%88%d0%ba%d0%be%d0%bb%d0%b8-%d0%b7-%d0%bc%d1%89%d0%be\/\"\r\n\t\t\t\t\t\t   target=\"_self\"><\/a>\r\n\t\t\t\t\t\t<div class=\"mkd-ptf-item-text-holder-inner\">\r\n\t\t\t\t\t\t\t<h4 class=\"mkd-ptf-item-title\">\r\n\t\t\t\t\t\t\t<a href=\"https:\/\/www.dworafrodyta.pl\/uk\/galeria\/%d0%b2%d0%b8%d0%bf%d1%83%d1%81%d0%ba%d0%bd%d0%b8%d0%b9-%d0%b1%d0%b0%d0%bb-%d0%b2%d0%b8%d0%bf%d1%83%d1%81%d0%ba%d0%bd%d0%b8%d0%ba%d1%96%d0%b2-%d1%88%d0%ba%d0%be%d0%bb%d0%b8-%d0%b7-%d0%bc%d1%89%d0%be\/\" target=\"_self\">\r\n\t\t\t\t\t\t\t\t\u0412\u0438\u043f\u0443\u0441\u043a\u043d\u0438\u0439 \u0431\u0430\u043b \u0432\u0438\u043f\u0443\u0441\u043a\u043d\u0438\u043a\u0456\u0432 \u0448\u043a\u043e\u043b\u0438 \u0437 \u041c\u0449\u043e\u043d\u043e\u0432\u0430\t\t\t\t\t\t\t<\/a>\r\n\t\t\t\t\t\t<\/h4>\r\n\r\n\t\t\t\t\t\t\t\t\t\t\t\t\t<div class=\"mkd-ptf-category-holder\"><span>\u0412\u0438\u043f\u0443\u0441\u043a\u043d\u0456 \u0431\u0430\u043b\u0438<\/span><\/div>\t\t\t\t\t\t\t\t\t\t\t<\/div>\r\n\t\t\t\t<\/div>\r\n\t\t\t<\/div>\r\n\t\t\t<div class=\"mkd-ptf-item-overlay-bg\"><\/div>\r\n\t\t<\/div>\r\n\t\t<\/div>\r\n\t<\/article>\r\n\t<article class=\"mkd-portfolio-item portfolio_category_82 portfolio_category_88\">\r\n\t\t<div class=\"mkd-ptf-wrapper\">\r\n\t\t\t<div class=\"mkd-ptf-item-image-holder\">\r\n\t\t\t\t<img loading=\"lazy\" decoding=\"async\" width=\"800\" height=\"600\" src=\"https:\/\/www.dworafrodyta.pl\/wp-content\/uploads\/2018\/04\/Zapowied\u017a-Studni\u00f3wki-LO-im.-Szarych-szereg\u00f3w-w-Mszczonowie-800x600.jpg\" class=\"attachment-fleur_mikado_landscape size-fleur_mikado_landscape wp-post-image\" alt=\"\" \/>\t\t\t<\/div>\r\n\t\t\t<div class=\"mkd-ptf-item-text-overlay\">\r\n\t\t\t\t<div class=\"mkd-ptf-item-text-overlay-inner\">\r\n\t\t\t\t\t<div class=\"mkd-ptf-item-text-holder\">\r\n\t\t\t\t\t\t<a class=\"mkd-portfolio-link\" href=\"https:\/\/www.dworafrodyta.pl\/uk\/galeria\/%d0%be%d0%b3%d0%be%d0%bb%d0%be%d1%88%d0%b5%d0%bd%d0%bd%d1%8f-%d0%bf%d1%80%d0%be-%d0%b2%d0%b8%d0%bf%d1%83%d1%81%d0%ba%d0%bd%d0%b8%d0%b9-%d0%b1%d0%b0%d0%bb-%d0%b4%d0%bb%d1%8f-%d0%b2%d0%b8%d0%bf%d1%83\/\"\r\n\t\t\t\t\t\t   target=\"_self\"><\/a>\r\n\t\t\t\t\t\t<div class=\"mkd-ptf-item-text-holder-inner\">\r\n\t\t\t\t\t\t\t<h4 class=\"mkd-ptf-item-title\">\r\n\t\t\t\t\t\t\t<a href=\"https:\/\/www.dworafrodyta.pl\/uk\/galeria\/%d0%be%d0%b3%d0%be%d0%bb%d0%be%d1%88%d0%b5%d0%bd%d0%bd%d1%8f-%d0%bf%d1%80%d0%be-%d0%b2%d0%b8%d0%bf%d1%83%d1%81%d0%ba%d0%bd%d0%b8%d0%b9-%d0%b1%d0%b0%d0%bb-%d0%b4%d0%bb%d1%8f-%d0%b2%d0%b8%d0%bf%d1%83\/\" target=\"_self\">\r\n\t\t\t\t\t\t\t\t\u041e\u0433\u043e\u043b\u043e\u0448\u0435\u043d\u043d\u044f \u043f\u0440\u043e \u0432\u0438\u043f\u0443\u0441\u043a\u043d\u0438\u0439 \u0431\u0430\u043b \u0434\u043b\u044f \u0432\u0438\u043f\u0443\u0441\u043a\u043d\u0438\u043a\u0456\u0432 \u0448\u043a\u043e\u043b\u0438 \u0437 \u041c\u0449\u043e\u043d\u043e\u0432\u0430\t\t\t\t\t\t\t<\/a>\r\n\t\t\t\t\t\t<\/h4>\r\n\r\n\t\t\t\t\t\t\t\t\t\t\t\t\t<div class=\"mkd-ptf-category-holder\"><span>\u0412\u0438\u043f\u0443\u0441\u043a\u043d\u0456 \u0431\u0430\u043b\u0438<\/span> \/ <span>\u0412\u0456\u0434\u0435\u043e<\/span><\/div>\t\t\t\t\t\t\t\t\t\t\t<\/div>\r\n\t\t\t\t<\/div>\r\n\t\t\t<\/div>\r\n\t\t\t<div class=\"mkd-ptf-item-overlay-bg\"><\/div>\r\n\t\t<\/div>\r\n\t\t<\/div>\r\n\t<\/article>\r\n\t<article class=\"mkd-portfolio-item portfolio_category_86 portfolio_category_84\">\r\n\t\t<div class=\"mkd-ptf-wrapper\">\r\n\t\t\t<div class=\"mkd-ptf-item-image-holder\">\r\n\t\t\t\t<img loading=\"lazy\" decoding=\"async\" width=\"800\" height=\"600\" src=\"https:\/\/www.dworafrodyta.pl\/wp-content\/uploads\/2018\/04\/IMG_9598-800x600.jpg\" class=\"attachment-fleur_mikado_landscape size-fleur_mikado_landscape wp-post-image\" alt=\"\" \/>\t\t\t<\/div>\r\n\t\t\t<div class=\"mkd-ptf-item-text-overlay\">\r\n\t\t\t\t<div class=\"mkd-ptf-item-text-overlay-inner\">\r\n\t\t\t\t\t<div class=\"mkd-ptf-item-text-holder\">\r\n\t\t\t\t\t\t<a class=\"mkd-portfolio-link\" href=\"https:\/\/www.dworafrodyta.pl\/uk\/galeria\/dwor-afrodyta-%d0%b2%d0%bd%d0%be%d1%87%d1%96\/\"\r\n\t\t\t\t\t\t   target=\"_self\"><\/a>\r\n\t\t\t\t\t\t<div class=\"mkd-ptf-item-text-holder-inner\">\r\n\t\t\t\t\t\t\t<h4 class=\"mkd-ptf-item-title\">\r\n\t\t\t\t\t\t\t<a href=\"https:\/\/www.dworafrodyta.pl\/uk\/galeria\/dwor-afrodyta-%d0%b2%d0%bd%d0%be%d1%87%d1%96\/\" target=\"_self\">\r\n\t\t\t\t\t\t\t\tDw\u00f3r Afrodyta \u0432\u043d\u043e\u0447\u0456\t\t\t\t\t\t\t<\/a>\r\n\t\t\t\t\t\t<\/h4>\r\n\r\n\t\t\t\t\t\t\t\t\t\t\t\t\t<div class=\"mkd-ptf-category-holder\"><span>Dw\u00f3r Afrodyta<\/span> \/ <span>\u0412\u0435\u0441\u0456\u043b\u043b\u044f<\/span><\/div>\t\t\t\t\t\t\t\t\t\t\t<\/div>\r\n\t\t\t\t<\/div>\r\n\t\t\t<\/div>\r\n\t\t\t<div class=\"mkd-ptf-item-overlay-bg\"><\/div>\r\n\t\t<\/div>\r\n\t\t<\/div>\r\n\t<\/article>\r\n<\/div><\/div>[\/vc_column][\/vc_row]<\/p>\n","protected":false},"excerpt":{"rendered":"<p>[vc_row content_width=&#8221;grid&#8221; content_aligment=&#8221;center&#8221; css=&#8221;.vc_custom_1524780013550{padding-top: 64px !important;padding-bottom: 64px !important;background-color: #fafafa !important;}&#8221;][vc_column][vc_empty_space height=&#8221;40px&#8221;][\/vc_column][\/vc_row]<\/p>\n","protected":false},"author":1,"featured_media":0,"parent":0,"menu_order":0,"comment_status":"closed","ping_status":"closed","template":"full-width.php","meta":{"om_disable_all_campaigns":false,"_monsterinsights_skip_tracking":false,"_monsterinsights_sitenote_active":false,"_monsterinsights_sitenote_note":"","_monsterinsights_sitenote_category":0,"footnotes":""},"class_list":["post-16619","page","type-page","status-publish","hentry"],"aioseo_notices":[],"_links":{"self":[{"href":"https:\/\/www.dworafrodyta.pl\/uk\/wp-json\/wp\/v2\/pages\/16619","targetHints":{"allow":["GET"]}}],"collection":[{"href":"https:\/\/www.dworafrodyta.pl\/uk\/wp-json\/wp\/v2\/pages"}],"about":[{"href":"https:\/\/www.dworafrodyta.pl\/uk\/wp-json\/wp\/v2\/types\/page"}],"author":[{"embeddable":true,"href":"https:\/\/www.dworafrodyta.pl\/uk\/wp-json\/wp\/v2\/users\/1"}],"replies":[{"embeddable":true,"href":"https:\/\/www.dworafrodyta.pl\/uk\/wp-json\/wp\/v2\/comments?post=16619"}],"version-history":[{"count":1,"href":"https:\/\/www.dworafrodyta.pl\/uk\/wp-json\/wp\/v2\/pages\/16619\/revisions"}],"predecessor-version":[{"id":16620,"href":"https:\/\/www.dworafrodyta.pl\/uk\/wp-json\/wp\/v2\/pages\/16619\/revisions\/16620"}],"wp:attachment":[{"href":"https:\/\/www.dworafrodyta.pl\/uk\/wp-json\/wp\/v2\/media?parent=16619"}],"curies":[{"name":"wp","href":"https:\/\/api.w.org\/{rel}","templated":true}]}}