{"id":16537,"date":"2018-08-22T17:03:23","date_gmt":"2018-08-22T15:03:23","guid":{"rendered":"https:\/\/www.dworafrodyta.pl\/?page_id=16537"},"modified":"2024-09-13T10:00:48","modified_gmt":"2024-09-13T08:00:48","slug":"%d0%b2%d0%b8%d0%bf%d1%83%d1%81%d0%ba%d0%bd%d0%b8%d0%b9-%d0%b1%d0%b0%d0%bb-2019","status":"publish","type":"page","link":"https:\/\/www.dworafrodyta.pl\/uk\/%d0%bf%d1%80%d0%be%d0%bf%d0%be%d0%b7%d0%b8%d1%86%d1%96%d1%8f\/%d0%b2%d0%b8%d0%bf%d1%83%d1%81%d0%ba%d0%bd%d0%b8%d0%b9-%d0%b1%d0%b0%d0%bb-2019\/","title":{"rendered":"\u0412\u0438\u043f\u0443\u0441\u043a\u043d\u0438\u0439 \u0431\u0430\u043b 2019"},"content":{"rendered":"<p>[vc_row content_width=&#8221;grid&#8221; content_aligment=&#8221;center&#8221; css=&#8221;.vc_custom_1534950733982{padding-top: 64px !important;background-color: #fafafa !important;}&#8221;][vc_column]<div class=\"mkd-section-title-holder\">\n\t<h2 class=\"mkd-section-title\" style=\"text-transform: uppercase;text-align: center\">\n\t\t\u0412\u0438\u043f\u0443\u0441\u043a\u043d\u0438\u0439 \u0411\u0430\u043b 2019    <\/h2>\n<\/div><div class=\"mkd-separator-with-icon-holder clearfix mkd-default-icon\" >\n\n\t<span class=\"mkd-separator-left\" ><\/span>\n\t\t\t<div class=\"mkd-default-icon-holder\" ><\/div>\n\t\t<span class=\"mkd-separator-right\" ><\/span>\n<\/div><div class=\"mkd-section-subtitle-holder mkd-section-subtitle-center\" >\n\t<p style=\"text-align: center\" class=\"mkd-section-subtitle\">Sala Dw\u00f3r Afrodyta**** na wy\u0142\u0105czno\u015b\u0107 <\/p>\n<\/div>[vc_empty_space height=&#8221;40px&#8221;][\/vc_column][\/vc_row][vc_row css=&#8221;.vc_custom_1523808217520{padding-right: 0px !important;padding-left: 0px !important;}&#8221;][vc_column css=&#8221;.vc_custom_1484297194827{padding-right: 0px !important;padding-left: 0px !important;}&#8221;]<div class=\"mkd-elements-holder mkd-two-columns mkd-responsive-mode-768 mkd-one-column-alignment-left\" ><div class=\"mkd-elements-holder-item mkd-horizontal-alignment-left\" data-item-class=\"mkd-elements-holder-custom-895245\" data-1280-1440=\"0 18% 0 11% \" data-1024-1280=\"0 15% 0 9%\" data-768-1024=\"0% 13%\" data-600-768=\"0 13%\" data-480-600=\"0 13%\" data-480=\"0 13%\" style=\"background-color: #f5f5f5\">\n\t<div class=\"mkd-elements-holder-item-inner\" style=\"mkd-elements-holder-item-inner\">\n\t\t<div class=\"mkd-elements-holder-item-content mkd-elements-holder-custom-895245\" style=\"padding: 0 30% 0 11%\">\n\t\t\t[vc_empty_space height=&#8221;70px&#8221;][vc_column_text]\u0413\u043e\u0442\u0443\u044e\u0447\u0438 \u043f\u0440\u043e\u043f\u043e\u0437\u0438\u0446\u0456\u044e \u0434\u043b\u044f \u0432\u0430\u0448\u043e\u0457 \u0448\u043a\u043e\u043b\u0438, \u043c\u0438 \u043f\u043e\u0434\u0431\u0430\u0454\u043c\u043e \u043f\u0440\u043e \u043a\u043e\u0436\u043d\u0443 \u0434\u0435\u0442\u0430\u043b\u044c, \u0449\u043e\u0431 \u0437\u0430\u0434\u043e\u0432\u043e\u043b\u044c\u043d\u0438\u0442\u0438 \u0432\u0441\u0456\u0445 \u0433\u043e\u0441\u0442\u0435\u0439.<\/p>\n<p>\u0414\u043e \u0432\u0430\u0448\u0438\u0445 \u043f\u043e\u0441\u043b\u0443\u0433 \u043f\u0440\u043e\u043f\u043e\u043d\u0443\u0454\u043c\u043e \u0437\u0430\u043b \u0435\u043a\u0441\u043a\u043b\u044e\u0437\u0438\u0432\u043d\u043e \u0434\u043b\u044f <strong>Dw\u00f3r Afrodyta****<\/strong>.<\/p>\n<p>\u0417 \u0456\u043d\u0434\u0438\u0432\u0456\u0434\u0443\u0430\u043b\u044c\u043d\u0438\u043c \u043f\u0456\u0434&#8217;\u0457\u0437\u0434\u043e\u043c \u0442\u0430 \u043f\u0430\u0440\u043a\u0456\u043d\u0433\u043e\u043c \u043f\u0456\u0434 \u043e\u0445\u043e\u0440\u043e\u043d\u043e\u044e. \u0414\u043e\u0441\u0432\u0456\u0434\u0447\u0435\u043d\u0438\u0439 \u043f\u0435\u0440\u0441\u043e\u043d\u0430\u043b \u0432\u0438\u043f\u0440\u0430\u0432\u0434\u0430\u0454 \u043e\u0447\u0456\u043a\u0443\u0432\u0430\u043d\u043d\u044f \u043d\u0430\u0432\u0456\u0442\u044c \u043d\u0430\u0439\u0432\u0438\u0431\u0430\u0433\u043b\u0438\u0432\u0456\u0448\u0438\u0445 \u0433\u043e\u0441\u0442\u0435\u0439.<\/p>\n<p>\u0414\u0431\u0430\u044e\u0447\u0438 \u043f\u0440\u043e \u0432\u0430\u0448 \u043a\u043e\u043c\u0444\u043e\u0440\u0442, \u043d\u0438\u0436\u0447\u0435 \u043d\u0430\u0434\u0430\u0454\u043c\u043e \u043d\u0430\u0448\u0443 \u043f\u0440\u043e\u043f\u043e\u0437\u0438\u0446\u0456\u044e.[\/vc_column_text][vc_empty_space height=&#8221;70px&#8221;]\t\t<\/div>\n\t<\/div>\n<\/div><div class=\"mkd-elements-holder-item mkd-horizontal-alignment-left\" data-item-class=\"mkd-elements-holder-custom-708062\" data-1280-1440=\"31% 0\" data-1024-1280=\"34% 0\" data-768-1024=\"20% 0\" data-600-768=\"23%\" data-480-600=\"23%\" data-480=\"23%\" style=\"background-image: url(https:\/\/www.dworafrodyta.pl\/wp-content\/uploads\/2018\/04\/06.jpg)\">\n\t<div class=\"mkd-elements-holder-item-inner\" style=\"mkd-elements-holder-item-inner\">\n\t\t<div class=\"mkd-elements-holder-item-content mkd-elements-holder-custom-708062\" style=\"padding: 30% 0\">\n\t\t\t\t\t<\/div>\n\t<\/div>\n<\/div><\/div><div class=\"mkd-elements-holder mkd-two-columns mkd-responsive-mode-768 mkd-one-column-alignment-left\" ><div class=\"mkd-elements-holder-item mkd-horizontal-alignment-left\" data-item-class=\"mkd-elements-holder-custom-559162\" data-1280-1440=\"31% 0\" data-1024-1280=\"34% 0\" data-768-1024=\"20% 0\" data-600-768=\"23%\" data-480-600=\"23%\" data-480=\"23%\" style=\"background-image: url(https:\/\/www.dworafrodyta.pl\/wp-content\/uploads\/2018\/04\/18.jpg)\">\n\t<div class=\"mkd-elements-holder-item-inner\" style=\"mkd-elements-holder-item-inner\">\n\t\t<div class=\"mkd-elements-holder-item-content mkd-elements-holder-custom-559162\" style=\"padding: 30% 0\">\n\t\t\t\t\t<\/div>\n\t<\/div>\n<\/div><div class=\"mkd-elements-holder-item mkd-horizontal-alignment-left\" data-item-class=\"mkd-elements-holder-custom-143920\" data-1280-1440=\"0 18% 0 11% \" data-1024-1280=\"0 15% 0 9%\" data-768-1024=\"0% 13%\" data-600-768=\"0 13%\" data-480-600=\"0 13%\" data-480=\"0 13%\" style=\"background-color: #f5f5f5\">\n\t<div class=\"mkd-elements-holder-item-inner\" style=\"mkd-elements-holder-item-inner\">\n\t\t<div class=\"mkd-elements-holder-item-content mkd-elements-holder-custom-143920\" style=\"padding: 0 30% 0 11%\">\n\t\t\t[vc_empty_space height=&#8221;70px&#8221;][vc_column_text css=&#8221;.vc_custom_1534948295007{padding-right: 10% !important;}&#8221;]<\/p>\n<h3 class=\"mkd-section-title mkd-section-title-large\">\u0421\u0415\u0420\u0412\u0406\u0420\u041e\u0412\u0410\u041d\u0415 \u041c\u0415\u041d\u042e<\/h3>\n<p>[\/vc_column_text][vc_empty_space height=&#8221;17px&#8221;][vc_column_text]<strong>\u0425\u043e\u043b\u043e\u0434\u043d\u0430 \u0437\u0430\u043a\u0443\u0441\u043a\u0430<\/strong><\/p>\n<p>\u0420\u0443\u043b\u0435\u0442 \u0456\u0437 \u043a\u0430\u0431\u0430\u0447\u043a\u0430 \u0437 \u0433\u043e\u0441\u0442\u0440\u0438\u043c \u0441\u0438\u0440\u043d\u0438\u043c \u043c\u0443\u0441\u043e\u043c<\/p>\n<p><strong>\u0421\u0443\u043f<\/strong><\/p>\n<p>\u041a\u0440\u0435\u043c-\u0441\u0443\u043f \u0437 \u0431\u0456\u043b\u0438\u0445 \u043e\u0432\u043e\u0447\u0456\u0432 \u0437 \u0441\u043c\u0430\u0436\u0435\u043d\u0438\u043c \u0433\u0430\u0440\u0431\u0443\u0437\u043e\u0432\u0438\u043c \u043d\u0430\u0441\u0456\u043d\u043d\u044f\u043c<\/p>\n<p><strong>\u041e\u0441\u043d\u043e\u0432\u043d\u0430 \u0441\u0442\u0440\u0430\u0432\u0430<\/strong><\/p>\n<p>\u041c\u0435\u0434\u0430\u043b\u044c\u0439\u043e\u043d\u0438 \u0437\u0456 \u0441\u0432\u0438\u043d\u044f\u0447\u043e\u0457 \u0432\u0438\u0440\u0456\u0437\u043a\u0438 \u0432 \u043f\u0435\u0440\u0446\u0435\u0432\u043e\u043c\u0443 \u0441\u043e\u0443\u0441\u0456, \u043f\u043e\u0434\u0430\u043d\u0456 \u0437 \u0432\u0430\u0440\u0435\u043d\u0438\u043c\u0438 \u043e\u0432\u043e\u0447\u0430\u043c\u0438 \u0442\u0430 \u0448\u043f\u0438\u043d\u0430\u0442\u043d\u0438\u043c\u0438 \u043a\u043d\u0435\u0434\u043b\u0438\u043a\u0430\u043c\u0438[\/vc_column_text][vc_empty_space height=&#8221;70px&#8221;]\t\t<\/div>\n\t<\/div>\n<\/div><\/div><div class=\"mkd-elements-holder mkd-two-columns mkd-responsive-mode-768 mkd-one-column-alignment-left\" ><div class=\"mkd-elements-holder-item mkd-horizontal-alignment-left\" data-item-class=\"mkd-elements-holder-custom-433078\" data-1280-1440=\"0 18% 0 11% \" data-1024-1280=\"0 15% 0 9%\" data-768-1024=\"0% 13%\" data-600-768=\"0 13%\" data-480-600=\"0 13%\" data-480=\"0 13%\" style=\"background-color: #f5f5f5\">\n\t<div class=\"mkd-elements-holder-item-inner\" style=\"mkd-elements-holder-item-inner\">\n\t\t<div class=\"mkd-elements-holder-item-content mkd-elements-holder-custom-433078\" style=\"padding: 0 30% 0 11%\">\n\t\t\t[vc_empty_space height=&#8221;70px&#8221;][vc_column_text]<strong>\u0413\u0430\u0440\u044f\u0447\u0456 \u0437\u0430\u043a\u0443\u0441\u043a\u0438 \u043d\u0430 \u0431\u0443\u0444\u0435\u0442\u0456<\/strong><\/p>\n<ul>\n<li>\u0413\u043e\u0441\u0442\u0440\u0438\u0439 \u0433\u0443\u043b\u044f\u0448 \u0456\u0437 \u043a\u043e\u0432\u0431\u0430\u0441\u043e\u044e<\/li>\n<li>\u0427\u0435\u0440\u0432\u043e\u043d\u0438\u0439 \u0431\u043e\u0440\u0449<\/li>\n<li>\u041f\u0435\u043b\u044c\u043c\u0435\u043d\u0456 \u0437 \u043c&#8217;\u044f\u0441\u043e\u043c<\/li>\n<li>\u041c\u043b\u0438\u043d\u0446\u0456 \u0437\u0456 \u0448\u043f\u0438\u043d\u0430\u0442\u043e\u043c<\/li>\n<li>\u041c\u0456\u043d\u0456-\u0448\u0430\u0448\u043b\u0438\u043a\u0438 \u0437 \u043a\u0443\u0440\u043a\u0438<\/li>\n<li>\u041e\u0432\u043e\u0447\u0435\u0432\u0430 \u0437\u0430\u043f\u0456\u043a\u0430\u043d\u043a\u0430<\/li>\n<\/ul>\n<p><strong>\u0425\u043e\u043b\u043e\u0434\u043d\u0456 \u0437\u0430\u043a\u0443\u0441\u043a\u0438 \u043d\u0430 \u0431\u0443\u0444\u0435\u0442\u0456<\/strong><\/p>\n<ul>\n<li>\u0420\u0443\u043b\u0435\u0442\u0438\u043a\u0438 \u0437 \u0448\u0438\u043d\u043a\u0438 \u0442\u0430 \u0441\u0438\u0440\u043d\u043e\u0433\u043e \u043f\u0435\u0440\u0446\u044e<\/li>\n<li>\u0425\u0440\u0443\u0441\u0442\u043a\u0456 \u043a\u0443\u0440\u044f\u0447\u0456 \u043f\u0430\u043b\u0438\u0447\u043a\u0438 \u0437 \u043c\u0435\u0434\u043e\u0432\u043e-\u0433\u0456\u0440\u0447\u0438\u0447\u043d\u0438\u043c \u0441\u043e\u0443\u0441\u043e\u043c<\/li>\n<li>\u0421\u043a\u0438\u0431\u043e\u0447\u043a\u0438 \u0456\u043d\u0434\u0438\u0447\u043a\u0438, \u0437\u0430\u043f\u0435\u0447\u0435\u043d\u043e\u0457 \u043f\u0456\u0434 \u0446\u0438\u0431\u0443\u043b\u0435\u0432\u0438\u043c \u0441\u043e\u0443\u0441\u043e\u043c<\/li>\n<li>\u041f\u0430\u0448\u0442\u0435\u0442 \u0437 \u0430\u0431\u0440\u0438\u043a\u043e\u0441\u043e\u043c, \u0437\u0430\u043f\u0435\u0447\u0435\u043d\u0438\u0439 \u0443 \u0431\u0435\u043a\u043e\u043d\u0456<\/li>\n<\/ul>\n<p>[\/vc_column_text][vc_empty_space height=&#8221;70px&#8221;]\t\t<\/div>\n\t<\/div>\n<\/div><div class=\"mkd-elements-holder-item mkd-horizontal-alignment-left\" data-item-class=\"mkd-elements-holder-custom-212750\" data-1280-1440=\"31% 0\" data-1024-1280=\"34% 0\" data-768-1024=\"20% 0\" data-600-768=\"23%\" data-480-600=\"23%\" data-480=\"23%\" style=\"background-image: url(https:\/\/www.dworafrodyta.pl\/wp-content\/uploads\/2018\/04\/04.jpg)\">\n\t<div class=\"mkd-elements-holder-item-inner\" style=\"mkd-elements-holder-item-inner\">\n\t\t<div class=\"mkd-elements-holder-item-content mkd-elements-holder-custom-212750\" style=\"padding: 30% 0\">\n\t\t\t\t\t<\/div>\n\t<\/div>\n<\/div><\/div><div class=\"mkd-elements-holder mkd-two-columns mkd-responsive-mode-768 mkd-one-column-alignment-left\" ><div class=\"mkd-elements-holder-item mkd-horizontal-alignment-left\" data-item-class=\"mkd-elements-holder-custom-816800\" data-1280-1440=\"31% 0\" data-1024-1280=\"34% 0\" data-768-1024=\"20% 0\" data-600-768=\"23%\" data-480-600=\"23%\" data-480=\"23%\" style=\"background-image: url(https:\/\/www.dworafrodyta.pl\/wp-content\/uploads\/2018\/04\/65-1.jpg)\">\n\t<div class=\"mkd-elements-holder-item-inner\" style=\"mkd-elements-holder-item-inner\">\n\t\t<div class=\"mkd-elements-holder-item-content mkd-elements-holder-custom-816800\" style=\"padding: 30% 0\">\n\t\t\t\t\t<\/div>\n\t<\/div>\n<\/div><div class=\"mkd-elements-holder-item mkd-horizontal-alignment-left\" data-item-class=\"mkd-elements-holder-custom-604459\" data-1280-1440=\"0 18% 0 11% \" data-1024-1280=\"0 15% 0 9%\" data-768-1024=\"0% 13%\" data-600-768=\"0 13%\" data-480-600=\"0 13%\" data-480=\"0 13%\" style=\"background-color: #f5f5f5\">\n\t<div class=\"mkd-elements-holder-item-inner\" style=\"mkd-elements-holder-item-inner\">\n\t\t<div class=\"mkd-elements-holder-item-content mkd-elements-holder-custom-604459\" style=\"padding: 0 30% 0 11%\">\n\t\t\t[vc_empty_space height=&#8221;70px&#8221;][vc_column_text]<strong>\u0414\u0435\u0441\u0435\u0440\u0442\u0438 \u043d\u0430 \u0431\u0443\u0444\u0435\u0442\u0456<\/strong><\/p>\n<ul>\n<li>\u0426\u0456\u043b\u0456 \u0444\u0440\u0443\u043a\u0442\u0438<\/li>\n<li>\u0427\u043e\u0442\u0438\u0440\u0438 \u0432\u0438\u0434\u0438 \u0441\u0435\u0437\u043e\u043d\u043d\u043e\u0457 \u0432\u0438\u043f\u0456\u0447\u043a\u0438<\/li>\n<li>\u0428\u043e\u043a\u043e\u043b\u0430\u0434\u043d\u0438\u0439 \u0444\u043e\u043d\u0442\u0430\u043d<\/li>\n<\/ul>\n<p><strong>\u0413\u0430\u0440\u044f\u0447\u0456 \u043d\u0430\u043f\u043e\u0457 \u043d\u0430 \u0431\u0443\u0444\u0435\u0442\u0456<\/strong><\/p>\n<ul>\n<li>\u041a\u0430\u0432\u0430 \u0456 \u0447\u0430\u0439<\/li>\n<\/ul>\n<p><strong>\u0425\u043e\u043b\u043e\u0434\u043d\u0456 \u043d\u0430\u043f\u043e\u0457 \u043d\u0430 \u0441\u0442\u043e\u043b\u0430\u0445<\/strong><\/p>\n<ul>\n<li>\u0412\u043e\u0434\u0430 \u0437 \u043b\u0438\u043c\u043e\u043d\u043e\u043c<\/li>\n<li>\u0424\u0440\u0443\u043a\u0442\u043e\u0432\u0456 \u0441\u043e\u043a\u0438<\/li>\n<li>\u0413\u0430\u0437\u043e\u0432\u0430\u043d\u0456 \u043d\u0430\u043f\u043e\u0457<\/li>\n<\/ul>\n<p>[\/vc_column_text][vc_empty_space height=&#8221;70px&#8221;]\t\t<\/div>\n\t<\/div>\n<\/div><\/div><div class=\"mkd-elements-holder mkd-two-columns mkd-responsive-mode-768 mkd-one-column-alignment-left\" ><div class=\"mkd-elements-holder-item mkd-horizontal-alignment-left\" data-item-class=\"mkd-elements-holder-custom-167240\" data-1280-1440=\"0 18% 0 11% \" data-1024-1280=\"0 15% 0 9%\" data-768-1024=\"0% 13%\" data-600-768=\"0 13%\" data-480-600=\"0 13%\" data-480=\"0 13%\" style=\"background-color: #f5f5f5\">\n\t<div class=\"mkd-elements-holder-item-inner\" style=\"mkd-elements-holder-item-inner\">\n\t\t<div class=\"mkd-elements-holder-item-content mkd-elements-holder-custom-167240\" style=\"padding: 0 30% 0 11%\">\n\t\t\t[vc_empty_space height=&#8221;70px&#8221;][vc_column_text]<strong>\u0414\u043e\u0434\u0430\u0442\u043a\u043e\u0432\u043e \u0432 \u0446\u0456\u043d\u0456 \u043f\u0440\u043e\u043f\u043e\u043d\u0443\u0454\u043c\u043e<\/strong><\/p>\n<ul>\n<li>\u041e\u0440\u0435\u043d\u0434\u0430 \u0437\u0430\u043b\u0438 Dw\u00f3r Afrodyta**** \u043d\u0430 8 \u0433\u043e\u0434\u0438\u043d (20:00 &#8211; 04:00)<\/li>\n<li>\u041f\u0440\u043e\u0444\u0435\u0441\u0456\u0439\u043d\u0435 \u043e\u0431\u0441\u043b\u0443\u0433\u043e\u0432\u0443\u0432\u0430\u043d\u043d\u044f \u043e\u0444\u0456\u0446\u0456\u0430\u043d\u0442\u0430\u043c\u0438<\/li>\n<li>\u041c\u0435\u043d\u044e \u0434\u043b\u044f \u0434\u0432\u043e\u0445 \u0432\u0438\u0445\u043e\u0432\u0430\u0442\u0435\u043b\u0456\u0432\/\u0431\u0430\u0442\u044c\u043a\u0456\u0432\/\u043e\u0434\u043d\u0430 \u043e\u0441\u043e\u0431\u0430 \u043d\u0430 \u043a\u043b\u0430\u0441<\/li>\n<li>\u0417\u043d\u0438\u0436\u043a\u0430 40% \u043d\u0430 \u043c\u0435\u043d\u044e \u0434\u043b\u044f \u043e\u0431\u0441\u043b\u0443\u0433\u043e\u0432\u0443\u0432\u0430\u043d\u043d\u044f\/\u0431\u0430\u0442\u044c\u043a\u0456\u0432<\/li>\n<li>\u041e\u0441\u0432\u0456\u0442\u043b\u0435\u043d\u043d\u044f \u0434\u043b\u044f \u0434\u0435\u043a\u043e\u0440\u0443<\/li>\n<li>\u041f\u0430\u0440\u043a\u0456\u043d\u0433<\/li>\n<li>\u0427\u0435\u0440\u0432\u043e\u043d\u0430 \u0434\u043e\u0440\u0456\u0436\u043a\u0430<\/li>\n<li>\u0406\u043d\u0434\u0438\u0432\u0456\u0434\u0443\u0430\u043b\u044c\u043d\u0430 \u043e\u043f\u0456\u043a\u0430 \u043c\u0435\u043d\u0435\u0434\u0436\u0435\u0440\u0430<\/li>\n<li>\u0411\u0456\u043b\u0456 \u0447\u043e\u0445\u043b\u0438 \u043d\u0430 \u0441\u0442\u0456\u043b\u044c\u0446\u0456<\/li>\n<li>\u0412\u0438\u0441\u043e\u043a\u0456 \u0432\u0430\u0437\u0438 \u0442\u0430 \u0441\u0432\u0456\u0447\u043a\u0438 \u043d\u0430 \u0441\u0442\u043e\u043b\u0430\u0445<\/li>\n<li>\u0417\u0430\u043b\u0430 \u043f\u0440\u0438\u0441\u0442\u043e\u0441\u043e\u0432\u0430\u043d\u0430 \u0434\u043b\u044f \u043b\u044e\u0434\u0435\u0439 \u0437 \u043e\u0431\u043c\u0435\u0436\u0435\u043d\u0438\u043c\u0438 \u043c\u043e\u0436\u043b\u0438\u0432\u043e\u0441\u0442\u044f\u043c\u0438<\/li>\n<li>\u041c\u043e\u0436\u043b\u0438\u0432\u0456\u0441\u0442\u044c \u0432\u0438\u0431\u043e\u0440\u0443 \u043a\u0440\u0443\u0433\u043b\u0438\u0445 \u0430\u0431\u043e \u043f\u0440\u044f\u043c\u043e\u043a\u0443\u0442\u043d\u0438\u0445 \u0441\u0442\u043e\u043b\u0456\u0432<\/li>\n<li>\u041c\u043e\u0436\u043b\u0438\u0432\u0456\u0441\u0442\u044c \u0432\u0441\u0442\u0430\u043d\u043e\u0432\u043b\u0435\u043d\u043d\u044f \u0435\u043a\u0440\u0430\u043d\u0443 \u0437 \u043f\u0440\u043e\u0435\u043a\u0442\u043e\u0440\u043e\u043c<\/li>\n<\/ul>\n<p>[\/vc_column_text][vc_empty_space height=&#8221;70px&#8221;]\t\t<\/div>\n\t<\/div>\n<\/div><div class=\"mkd-elements-holder-item mkd-horizontal-alignment-left\" data-item-class=\"mkd-elements-holder-custom-775538\" data-1280-1440=\"31% 0\" data-1024-1280=\"34% 0\" data-768-1024=\"20% 0\" data-600-768=\"23%\" data-480-600=\"23%\" data-480=\"23%\" style=\"background-image: url(https:\/\/www.dworafrodyta.pl\/wp-content\/uploads\/2018\/04\/73.jpg)\">\n\t<div class=\"mkd-elements-holder-item-inner\" style=\"mkd-elements-holder-item-inner\">\n\t\t<div class=\"mkd-elements-holder-item-content mkd-elements-holder-custom-775538\" style=\"padding: 30% 0\">\n\t\t\t\t\t<\/div>\n\t<\/div>\n<\/div><\/div>[\/vc_column][\/vc_row][vc_row css=&#8221;.vc_custom_1534949565018{padding-top: 40px !important;padding-bottom: 40px !important;background-color: #d8d4db !important;}&#8221;][vc_column width=&#8221;1\/3&#8243;][vc_column_text]<\/p>\n<h4 style=\"text-align: center;\">\u0421\u0423\u0411\u041e\u0422\u0410 \u0446\u0456\u043d\u0430 190 \u0437\u043b.\/\u043e\u0441.<\/h4>\n<p>[\/vc_column_text][\/vc_column][vc_column width=&#8221;1\/3&#8243;][vc_column_text]<\/p>\n<h4 style=\"text-align: center;\">\u041f&#8217;\u042f\u0422\u041d\u0418\u0426\u042f \u0446\u0456\u043d\u0430 175 \u0437\u043b.\/\u043e\u0441.<\/h4>\n<p>[\/vc_column_text][\/vc_column][vc_column width=&#8221;1\/3&#8243;][vc_column_text]<\/p>\n<h4 style=\"text-align: center;\">\u0427\u0415\u0422\u0412\u0415\u0420 \u0446\u0456\u043d\u0430 165 \u0437\u043b.\/\u043e\u0441.<\/h4>\n<p>[\/vc_column_text][\/vc_column][\/vc_row][vc_row css=&#8221;.vc_custom_1522428123642{padding-top: 40px !important;padding-bottom: 40px !important;background-color: #f5f5f5 !important;}&#8221;][vc_column][vc_column_text]<\/p>\n<p style=\"text-align: center;\">\u041f\u0440\u043e\u043f\u043e\u0437\u0438\u0446\u0456\u044f \u0434\u0456\u0454 \u0437 <strong>01.02.2018<\/strong> \u0434\u043e <strong>01.03.2019 <\/strong><\/p>\n<h4><\/h4>\n<h4 style=\"text-align: center;\">\u0417\u0430\u043f\u0438\u0442\u0430\u0439\u0442\u0435 \u043f\u0440\u043e \u0434\u0435\u0442\u0430\u043b\u0456 \u043f\u0440\u043e\u043f\u043e\u0437\u0438\u0446\u0456\u0457<\/h4>\n<p style=\"text-align: center;\"><strong> \u0417\u0430\u0442\u0435\u043b\u0435\u0444\u043e\u043d\u0443\u0439\u0442\u0435:<\/strong><br \/>\n<i class=\"lnr lnr-phone-handset\"><\/i> <a href=\"tel:+48 501 571 461\">+48 501 571 461<\/a><br \/>\n<i class=\"lnr lnr-phone-handset\"><\/i> <a href=\"tel:+48 519 761 656\">+48 519 761 656<\/a><\/p>\n<p style=\"text-align: center;\"><strong>\u0430\u0431\u043e \u043d\u0430\u043f\u0438\u0448\u0456\u0442\u044c:<\/strong> <i class=\"lnr lnr-envelope\"><\/i> <a href=\"mailto:info@dworafrodyta.pl\">info@dworafrodyta.pl<\/a><\/p>\n<p>[\/vc_column_text][\/vc_column][\/vc_row]<\/p>\n","protected":false},"excerpt":{"rendered":"<p>[vc_row content_width=&#8221;grid&#8221; content_aligment=&#8221;center&#8221; css=&#8221;.vc_custom_1534950733982{padding-top: 64px !important;background-color: #fafafa !important;}&#8221;][vc_column][vc_empty_space height=&#8221;40px&#8221;][\/vc_column][\/vc_row][vc_row css=&#8221;.vc_custom_1523808217520{padding-right: 0px !important;padding-left: 0px !important;}&#8221;][vc_column css=&#8221;.vc_custom_1484297194827{padding-right: 0px !important;padding-left: 0px !important;}&#8221;][\/vc_column][\/vc_row][vc_row css=&#8221;.vc_custom_1534949565018{padding-top: 40px !important;padding-bottom: 40px !important;background-color: #d8d4db !important;}&#8221;][vc_column width=&#8221;1\/3&#8243;][vc_column_text] \u0421\u0423\u0411\u041e\u0422\u0410 \u0446\u0456\u043d\u0430 190 \u0437\u043b.\/\u043e\u0441. [\/vc_column_text][\/vc_column][vc_column width=&#8221;1\/3&#8243;][vc_column_text] \u041f&#8217;\u042f\u0422\u041d\u0418\u0426\u042f \u0446\u0456\u043d\u0430 175 \u0437\u043b.\/\u043e\u0441. [\/vc_column_text][\/vc_column][vc_column width=&#8221;1\/3&#8243;][vc_column_text] \u0427\u0415\u0422\u0412\u0415\u0420 \u0446\u0456\u043d\u0430 165 \u0437\u043b.\/\u043e\u0441. [\/vc_column_text][\/vc_column][\/vc_row][vc_row css=&#8221;.vc_custom_1522428123642{padding-top:&#8230;<\/p>\n","protected":false},"author":1,"featured_media":0,"parent":16533,"menu_order":0,"comment_status":"closed","ping_status":"closed","template":"full-width.php","meta":{"om_disable_all_campaigns":false,"_monsterinsights_skip_tracking":false,"_monsterinsights_sitenote_active":false,"_monsterinsights_sitenote_note":"","_monsterinsights_sitenote_category":0,"footnotes":""},"class_list":["post-16537","page","type-page","status-publish","hentry"],"aioseo_notices":[],"_links":{"self":[{"href":"https:\/\/www.dworafrodyta.pl\/uk\/wp-json\/wp\/v2\/pages\/16537","targetHints":{"allow":["GET"]}}],"collection":[{"href":"https:\/\/www.dworafrodyta.pl\/uk\/wp-json\/wp\/v2\/pages"}],"about":[{"href":"https:\/\/www.dworafrodyta.pl\/uk\/wp-json\/wp\/v2\/types\/page"}],"author":[{"embeddable":true,"href":"https:\/\/www.dworafrodyta.pl\/uk\/wp-json\/wp\/v2\/users\/1"}],"replies":[{"embeddable":true,"href":"https:\/\/www.dworafrodyta.pl\/uk\/wp-json\/wp\/v2\/comments?post=16537"}],"version-history":[{"count":1,"href":"https:\/\/www.dworafrodyta.pl\/uk\/wp-json\/wp\/v2\/pages\/16537\/revisions"}],"predecessor-version":[{"id":16538,"href":"https:\/\/www.dworafrodyta.pl\/uk\/wp-json\/wp\/v2\/pages\/16537\/revisions\/16538"}],"up":[{"embeddable":true,"href":"https:\/\/www.dworafrodyta.pl\/uk\/wp-json\/wp\/v2\/pages\/16533"}],"wp:attachment":[{"href":"https:\/\/www.dworafrodyta.pl\/uk\/wp-json\/wp\/v2\/media?parent=16537"}],"curies":[{"name":"wp","href":"https:\/\/api.w.org\/{rel}","templated":true}]}}